{"id":31,"date":"2022-12-15T00:06:33","date_gmt":"2022-12-15T00:06:33","guid":{"rendered":"https:\/\/demo.artureanec.com\/themes\/agencium\/?page_id=31"},"modified":"2025-07-23T13:45:44","modified_gmt":"2025-07-23T16:45:44","slug":"noticias","status":"publish","type":"page","link":"https:\/\/avalonworldagency.com\/es_es\/noticias\/","title":{"rendered":"Noticias"},"content":{"rendered":"\t\t<div data-elementor-type=\"wp-page\" data-elementor-id=\"31\" class=\"elementor elementor-31\" data-elementor-post-type=\"page\">\n\t\t\t\t<div class=\"elementor-element elementor-element-0235928 elementor-hidden-mobile e-flex e-con-boxed e-con e-parent\" data-id=\"0235928\" data-element_type=\"container\" data-e-type=\"container\">\n\t\t\t\t\t<div class=\"e-con-inner\">\n\t\t<div class=\"elementor-element elementor-element-434b4c9 e-con-full e-flex e-con e-child\" data-id=\"434b4c9\" data-element_type=\"container\" data-e-type=\"container\">\n\t\t\t\t<div class=\"elementor-element elementor-element-c553882 elementor-widget elementor-widget-spacer\" data-id=\"c553882\" data-element_type=\"widget\" data-e-type=\"widget\" data-widget_type=\"spacer.default\">\n\t\t\t\t\t\t\t<div class=\"elementor-spacer\">\n\t\t\t<div class=\"elementor-spacer-inner\"><\/div>\n\t\t<\/div>\n\t\t\t\t\t\t<\/div>\n\t\t\t\t<div class=\"elementor-element elementor-element-1d51036 elementor-widget elementor-widget-heading\" data-id=\"1d51036\" data-element_type=\"widget\" data-e-type=\"widget\" data-widget_type=\"heading.default\">\n\t\t\t\t\t<h1 class=\"elementor-heading-title elementor-size-default\">\u00daltimas <span style=\"font-weight: 200\"><i>noticias<br>de la <\/i><\/span>  Agencia \n<\/h1>\t\t\t\t<\/div>\n\t\t\t\t<div class=\"elementor-element elementor-element-1e56302 elementor-widget elementor-widget-image\" data-id=\"1e56302\" data-element_type=\"widget\" data-e-type=\"widget\" data-widget_type=\"image.default\">\n\t\t\t\t\t\t\t\t\t\t\t\t\t\t\t<img decoding=\"async\" width=\"134\" height=\"28\" src=\"https:\/\/avalonworldagency.com\/wp-content\/uploads\/2025\/05\/simbolos.png\" class=\"attachment-large size-large wp-image-8437\" alt=\"\" \/>\t\t\t\t\t\t\t\t\t\t\t\t\t\t\t<\/div>\n\t\t\t\t<\/div>\n\t\t\t\t\t<\/div>\n\t\t\t\t<\/div>\n\t\t<div class=\"elementor-element elementor-element-6bdca2b elementor-hidden-desktop elementor-hidden-tablet e-flex e-con-boxed e-con e-parent\" data-id=\"6bdca2b\" data-element_type=\"container\" data-e-type=\"container\">\n\t\t\t\t\t<div class=\"e-con-inner\">\n\t\t<div class=\"elementor-element elementor-element-583f93e e-con-full e-flex e-con e-child\" data-id=\"583f93e\" data-element_type=\"container\" data-e-type=\"container\">\n\t\t\t\t<div class=\"elementor-element elementor-element-bb70f91 elementor-widget elementor-widget-spacer\" data-id=\"bb70f91\" data-element_type=\"widget\" data-e-type=\"widget\" data-widget_type=\"spacer.default\">\n\t\t\t\t\t\t\t<div class=\"elementor-spacer\">\n\t\t\t<div class=\"elementor-spacer-inner\"><\/div>\n\t\t<\/div>\n\t\t\t\t\t\t<\/div>\n\t\t\t\t<div class=\"elementor-element elementor-element-c158384 elementor-widget elementor-widget-heading\" data-id=\"c158384\" data-element_type=\"widget\" data-e-type=\"widget\" data-widget_type=\"heading.default\">\n\t\t\t\t\t<h1 class=\"elementor-heading-title elementor-size-default\">\u00daltimas <span style=\"font-weight: 200\"><i>noticias de<br> la <\/i><\/span>  Agencia \n<\/h1>\t\t\t\t<\/div>\n\t\t\t\t<div class=\"elementor-element elementor-element-aae9d5a elementor-widget elementor-widget-image\" data-id=\"aae9d5a\" data-element_type=\"widget\" data-e-type=\"widget\" data-widget_type=\"image.default\">\n\t\t\t\t\t\t\t\t\t\t\t\t\t\t\t<img decoding=\"async\" width=\"134\" height=\"28\" src=\"https:\/\/avalonworldagency.com\/wp-content\/uploads\/2025\/05\/simbolos.png\" class=\"attachment-large size-large wp-image-8437\" alt=\"\" \/>\t\t\t\t\t\t\t\t\t\t\t\t\t\t\t<\/div>\n\t\t\t\t<\/div>\n\t\t\t\t\t<\/div>\n\t\t\t\t<\/div>\n\t\t<div class=\"elementor-element elementor-element-3f0ad50 e-flex e-con-boxed e-con e-parent\" data-id=\"3f0ad50\" data-element_type=\"container\" data-e-type=\"container\">\n\t\t\t\t\t<div class=\"e-con-inner\">\n\t\t\t\t<div class=\"elementor-element elementor-element-8681e88 elementor-widget elementor-widget-spacer\" data-id=\"8681e88\" data-element_type=\"widget\" data-e-type=\"widget\" data-widget_type=\"spacer.default\">\n\t\t\t\t\t\t\t<div class=\"elementor-spacer\">\n\t\t\t<div class=\"elementor-spacer-inner\"><\/div>\n\t\t<\/div>\n\t\t\t\t\t\t<\/div>\n\t\t\t\t\t<\/div>\n\t\t\t\t<\/div>\n\t\t<div class=\"elementor-element elementor-element-7d7b526 e-flex e-con-boxed e-con e-parent\" data-id=\"7d7b526\" data-element_type=\"container\" data-e-type=\"container\">\n\t\t\t\t\t<div class=\"e-con-inner\">\n\t\t\t\t<div class=\"elementor-element elementor-element-8a3c617 elementor-widget elementor-widget-agencium_blog_listing\" data-id=\"8a3c617\" data-element_type=\"widget\" data-e-type=\"widget\" data-widget_type=\"agencium_blog_listing.default\">\n\t\t\t\t<div class=\"elementor-widget-container\">\n\t\t\t\t\t\n        <div class=\"archive-listing\" data-ajax='{&quot;post_type&quot;:&quot;post&quot;,&quot;post_status&quot;:&quot;publish&quot;,&quot;posts_per_page&quot;:9,&quot;orderby&quot;:&quot;date&quot;,&quot;order&quot;:&quot;desc&quot;,&quot;paged&quot;:1,&quot;category_name&quot;:&quot;&quot;,&quot;tag&quot;:&quot;&quot;,&quot;post__in&quot;:&quot;&quot;,&quot;ignore_sticky_posts&quot;:false,&quot;link_base&quot;:&quot;https:\\\/\\\/avalonworldagency.com\\\/es_es\\\/wp-json\\\/wp\\\/v2\\\/pages\\\/31&quot;}' data-widget='{&quot;listing_type&quot;:&quot;grid&quot;,&quot;excerpt_length&quot;:300,&quot;show_cat&quot;:&quot;yes&quot;,&quot;show_media&quot;:&quot;yes&quot;,&quot;show_author&quot;:&quot;no&quot;,&quot;show_date&quot;:&quot;yes&quot;,&quot;show_title&quot;:&quot;yes&quot;,&quot;show_tags&quot;:&quot;no&quot;,&quot;show_excerpt&quot;:&quot;yes&quot;,&quot;show_read_more&quot;:&quot;no&quot;,&quot;read_more_text&quot;:&quot;Read more&quot;,&quot;item_class&quot;:&quot;post grid-item grid-blog-item-wrapper&quot;,&quot;columns_number&quot;:3,&quot;show_pagination&quot;:&quot;yes&quot;}'>\n            <div class=\"archive-listing-wrapper grid-listing columns-3\">\n                \r\n<div class=\"standard-blog-item-wrapper post grid-item grid-blog-item-wrapper post-7198 type-post status-publish format-standard has-post-thumbnail hentry category-marketing\">\r\n    <div class=\"blog-item\">\r\n        <div class=\"post-labels\"><div class=\"post-categories\"><a class=\"post-category-item\" href=\"https:\/\/avalonworldagency.com\/es_es\/marketing\/\">Marketing<\/a><\/div><\/div><div class=\"post-media-wrapper\"><div class=\"post-media\"><a href=\"https:\/\/avalonworldagency.com\/es_es\/equipo-fantastico\/\"><picture><source media=\"(max-width: 480px)\" sizes=\"(max-width: 480px) 480px\" srcset=\"https:\/\/avalonworldagency.com\/wp-content\/uploads\/2025\/03\/equipo-480x421.png 480w\"><source media=\"(max-width: 660px)\" sizes=\"(max-width: 660px) 660px\" srcset=\"https:\/\/avalonworldagency.com\/wp-content\/uploads\/2025\/03\/equipo-480x421.png 660w\"><source media=\"(max-width: 840px)\" sizes=\"(max-width: 840px) 840px\" srcset=\"https:\/\/avalonworldagency.com\/wp-content\/uploads\/2025\/03\/equipo-480x421.png 840w\"><source media=\"(max-width: 1020px)\" sizes=\"(max-width: 1020px) 1020px\" srcset=\"https:\/\/avalonworldagency.com\/wp-content\/uploads\/2025\/03\/equipo-300x300.png 1020w\"><source media=\"(max-width: 1200px)\" sizes=\"(max-width: 1200px) 1200px\" srcset=\"https:\/\/avalonworldagency.com\/wp-content\/uploads\/2025\/03\/equipo-480x421.png 1200w\"><img decoding=\"async\" alt=\"equipo\" title=\"equipo\" src=\"https:\/\/avalonworldagency.com\/wp-content\/uploads\/2025\/03\/equipo-300x300.png\" class=\"attachment-medium size-medium wp-post-image\" \/><\/picture><\/a><\/div><\/div><div class=\"post-content-wrapper\"><div class=\"post-meta-header\"><span class=\"post-meta-item post-meta-item-date\">May. 01\/2025<\/span><\/div><h5 class=\"post-title\"><a href=\"https:\/\/avalonworldagency.com\/es_es\/equipo-fantastico\/\">Un gran equipo fant\u00e1stico<\/a><\/h5><div class=\"post-content\">En Avalon, creemos que la verdadera chispa del marketing digital surge cuando la colaboraci\u00f3n se convierte en nuestra mayor fortaleza. La innovaci\u00f3n no solo se fomenta a trav\u00e9s de herramientas, sino a trav\u00e9s de ideas frescas que surgen del trabajo conjunto....<\/div><\/div>    <\/div>\r\n<\/div>\r\n<div class=\"standard-blog-item-wrapper post grid-item grid-blog-item-wrapper post-7664 type-post status-publish format-standard has-post-thumbnail hentry category-marketing\">\r\n    <div class=\"blog-item\">\r\n        <div class=\"post-labels\"><div class=\"post-categories\"><a class=\"post-category-item\" href=\"https:\/\/avalonworldagency.com\/es_es\/marketing\/\">Marketing<\/a><\/div><\/div><div class=\"post-media-wrapper\"><div class=\"post-media\"><a href=\"https:\/\/avalonworldagency.com\/es_es\/equipo-fantastico-prueba-03\/\"><picture><source media=\"(max-width: 480px)\" sizes=\"(max-width: 480px) 480px\" srcset=\"https:\/\/avalonworldagency.com\/wp-content\/uploads\/2025\/03\/ivo-480x480.jpg 480w\"><source media=\"(max-width: 660px)\" sizes=\"(max-width: 660px) 660px\" srcset=\"https:\/\/avalonworldagency.com\/wp-content\/uploads\/2025\/03\/ivo-480x480.jpg 660w\"><source media=\"(max-width: 840px)\" sizes=\"(max-width: 840px) 840px\" srcset=\"https:\/\/avalonworldagency.com\/wp-content\/uploads\/2025\/03\/ivo-480x480.jpg 840w\"><source media=\"(max-width: 1020px)\" sizes=\"(max-width: 1020px) 1020px\" srcset=\"https:\/\/avalonworldagency.com\/wp-content\/uploads\/2025\/03\/ivo-300x300.jpg 1020w\"><source media=\"(max-width: 1200px)\" sizes=\"(max-width: 1200px) 1200px\" srcset=\"https:\/\/avalonworldagency.com\/wp-content\/uploads\/2025\/03\/ivo-480x480.jpg 1200w\"><img decoding=\"async\" alt=\"ivo\" title=\"ivo\" src=\"https:\/\/avalonworldagency.com\/wp-content\/uploads\/2025\/03\/ivo-300x300.jpg\" class=\"attachment-medium size-medium wp-post-image\" \/><\/picture><\/a><\/div><\/div><div class=\"post-content-wrapper\"><div class=\"post-meta-header\"><span class=\"post-meta-item post-meta-item-date\">Mar. 17\/2025<\/span><\/div><h5 class=\"post-title\"><a href=\"https:\/\/avalonworldagency.com\/es_es\/equipo-fantastico-prueba-03\/\">M\u00e9tricas que dan ventas<\/a><\/h5><div class=\"post-content\">Las m\u00e9tricas importan. Los resultados tambi\u00e9n. Pero en Avalon sabemos que lo que verdaderamente marca la diferencia es el equipo humano que hay detr\u00e1s. Ninguna campa\u00f1a, dise\u00f1o o estrategia nace de la nada. Todo surge de la colaboraci\u00f3n, la creatividad, y...<\/div><\/div>    <\/div>\r\n<\/div>\r\n<div class=\"standard-blog-item-wrapper post grid-item grid-blog-item-wrapper post-7662 type-post status-publish format-standard has-post-thumbnail hentry category-marketing\">\r\n    <div class=\"blog-item\">\r\n        <div class=\"post-labels\"><div class=\"post-categories\"><a class=\"post-category-item\" href=\"https:\/\/avalonworldagency.com\/es_es\/marketing\/\">Marketing<\/a><\/div><\/div><div class=\"post-media-wrapper\"><div class=\"post-media\"><a href=\"https:\/\/avalonworldagency.com\/es_es\/la-importancia-de-una-historia\/\"><picture><source media=\"(max-width: 480px)\" sizes=\"(max-width: 480px) 480px\" srcset=\"https:\/\/avalonworldagency.com\/wp-content\/uploads\/2025\/03\/story-480x480.jpg 480w\"><source media=\"(max-width: 660px)\" sizes=\"(max-width: 660px) 660px\" srcset=\"https:\/\/avalonworldagency.com\/wp-content\/uploads\/2025\/03\/story-480x480.jpg 660w\"><source media=\"(max-width: 840px)\" sizes=\"(max-width: 840px) 840px\" srcset=\"https:\/\/avalonworldagency.com\/wp-content\/uploads\/2025\/03\/story-480x480.jpg 840w\"><source media=\"(max-width: 1020px)\" sizes=\"(max-width: 1020px) 1020px\" srcset=\"https:\/\/avalonworldagency.com\/wp-content\/uploads\/2025\/03\/story-300x300.jpg 1020w\"><source media=\"(max-width: 1200px)\" sizes=\"(max-width: 1200px) 1200px\" srcset=\"https:\/\/avalonworldagency.com\/wp-content\/uploads\/2025\/03\/story-480x480.jpg 1200w\"><img decoding=\"async\" alt=\"story\" title=\"story\" src=\"https:\/\/avalonworldagency.com\/wp-content\/uploads\/2025\/03\/story-300x300.jpg\" class=\"attachment-medium size-medium wp-post-image\" \/><\/picture><\/a><\/div><\/div><div class=\"post-content-wrapper\"><div class=\"post-meta-header\"><span class=\"post-meta-item post-meta-item-date\">Mar. 17\/2025<\/span><\/div><h5 class=\"post-title\"><a href=\"https:\/\/avalonworldagency.com\/es_es\/la-importancia-de-una-historia\/\">La importancia de una historia<\/a><\/h5><div class=\"post-content\">Cuando hablamos de conectar con nuestros clientes, no se trata solo de ofrecer un producto o servicio; se trata de contar una historia que resuene en sus corazones. En Avalon, creemos que cada marca tiene un relato \u00fanico que puede tocar...<\/div><\/div>    <\/div>\r\n<\/div>            <\/div>\n\n            <div class=\"content-pagination\"><\/div>        <\/div>\n        \t\t\t\t<\/div>\n\t\t\t\t<\/div>\n\t\t\t\t\t<\/div>\n\t\t\t\t<\/div>\n\t\t\t\t<\/div>\n\t\t","protected":false},"excerpt":{"rendered":"<p>\u00daltimas noticias de la Agencia \u00daltimas noticias de la Agencia<\/p>\n","protected":false},"author":2,"featured_media":0,"parent":0,"menu_order":0,"comment_status":"closed","ping_status":"closed","template":"","meta":{"_acf_changed":false,"footnotes":""},"class_list":["post-31","page","type-page","status-publish","hentry"],"acf":[],"yoast_head":"<!-- This site is optimized with the Yoast SEO plugin v27.1.1 - https:\/\/yoast.com\/product\/yoast-seo-wordpress\/ -->\n<title>Noticias sobre marketing, publicidad e innovaciones<\/title>\n<meta name=\"description\" content=\"Noticias sobre marketing, publicidad e innovaciones dentro del sector. Siempre en la vanguardia de las tendencias y soluciones digitales.\" \/>\n<meta name=\"robots\" content=\"index, follow, max-snippet:-1, max-image-preview:large, max-video-preview:-1\" \/>\n<link rel=\"canonical\" href=\"https:\/\/avalonworldagency.com\/es_es\/noticias\/\" \/>\n<meta property=\"og:locale\" content=\"es_ES\" \/>\n<meta property=\"og:type\" content=\"article\" \/>\n<meta property=\"og:title\" content=\"Noticias sobre marketing, publicidad e innovaciones\" \/>\n<meta property=\"og:description\" content=\"Noticias sobre marketing, publicidad e innovaciones dentro del sector. Siempre en la vanguardia de las tendencias y soluciones digitales.\" \/>\n<meta property=\"og:url\" content=\"https:\/\/avalonworldagency.com\/es_es\/noticias\/\" \/>\n<meta property=\"og:site_name\" content=\"Agencia de Marketing y Publicidad Digital\" \/>\n<meta property=\"article:modified_time\" content=\"2025-07-23T16:45:44+00:00\" \/>\n<meta property=\"og:image\" content=\"https:\/\/avalonworld.com.ar\/wp-content\/uploads\/2025\/05\/simbolos.png\" \/>\n<script type=\"application\/ld+json\" class=\"yoast-schema-graph\">{\"@context\":\"https:\/\/schema.org\",\"@graph\":[{\"@type\":\"WebPage\",\"@id\":\"https:\/\/avalonworldagency.com\/es_es\/noticias\/\",\"url\":\"https:\/\/avalonworldagency.com\/es_es\/noticias\/\",\"name\":\"Noticias sobre marketing, publicidad e innovaciones\",\"isPartOf\":{\"@id\":\"https:\/\/avalonworldagency.com\/en\/#website\"},\"primaryImageOfPage\":{\"@id\":\"https:\/\/avalonworldagency.com\/es_es\/noticias\/#primaryimage\"},\"image\":{\"@id\":\"https:\/\/avalonworldagency.com\/es_es\/noticias\/#primaryimage\"},\"thumbnailUrl\":\"https:\/\/avalonworld.com.ar\/wp-content\/uploads\/2025\/05\/simbolos.png\",\"datePublished\":\"2022-12-15T00:06:33+00:00\",\"dateModified\":\"2025-07-23T16:45:44+00:00\",\"description\":\"Noticias sobre marketing, publicidad e innovaciones dentro del sector. Siempre en la vanguardia de las tendencias y soluciones digitales.\",\"breadcrumb\":{\"@id\":\"https:\/\/avalonworldagency.com\/es_es\/noticias\/#breadcrumb\"},\"inLanguage\":\"es\",\"potentialAction\":[{\"@type\":\"ReadAction\",\"target\":[\"https:\/\/avalonworldagency.com\/es_es\/noticias\/\"]}]},{\"@type\":\"ImageObject\",\"inLanguage\":\"es\",\"@id\":\"https:\/\/avalonworldagency.com\/es_es\/noticias\/#primaryimage\",\"url\":\"https:\/\/avalonworld.com.ar\/wp-content\/uploads\/2025\/05\/simbolos.png\",\"contentUrl\":\"https:\/\/avalonworld.com.ar\/wp-content\/uploads\/2025\/05\/simbolos.png\"},{\"@type\":\"BreadcrumbList\",\"@id\":\"https:\/\/avalonworldagency.com\/es_es\/noticias\/#breadcrumb\",\"itemListElement\":[{\"@type\":\"ListItem\",\"position\":1,\"name\":\"Portada\",\"item\":\"https:\/\/avalonworldagency.com\/es_es\/\"},{\"@type\":\"ListItem\",\"position\":2,\"name\":\"Noticias\"}]},{\"@type\":\"WebSite\",\"@id\":\"https:\/\/avalonworldagency.com\/en\/#website\",\"url\":\"https:\/\/avalonworldagency.com\/en\/\",\"name\":\"Agencia de Marketing y Publicidad Digital Avalon World Agency\",\"description\":\"Agencia de Marketing y Publicidad Digital Avalon World Agency. Somos una agencia boutique, creativa y moderna con alcance global.\",\"publisher\":{\"@id\":\"https:\/\/avalonworldagency.com\/en\/#organization\"},\"alternateName\":\"Avalon World Agency\",\"potentialAction\":[{\"@type\":\"SearchAction\",\"target\":{\"@type\":\"EntryPoint\",\"urlTemplate\":\"https:\/\/avalonworldagency.com\/en\/?s={search_term_string}\"},\"query-input\":{\"@type\":\"PropertyValueSpecification\",\"valueRequired\":true,\"valueName\":\"search_term_string\"}}],\"inLanguage\":\"es\"},{\"@type\":\"Organization\",\"@id\":\"https:\/\/avalonworldagency.com\/en\/#organization\",\"name\":\"Avalon World Agency\",\"alternateName\":\"Avalon Agency\",\"url\":\"https:\/\/avalonworldagency.com\/en\/\",\"logo\":{\"@type\":\"ImageObject\",\"inLanguage\":\"es\",\"@id\":\"https:\/\/avalonworldagency.com\/en\/#\/schema\/logo\/image\/\",\"url\":\"https:\/\/avalonworldagency.com\/wp-content\/uploads\/2024\/12\/logo-colores-nuevos.svg\",\"contentUrl\":\"https:\/\/avalonworldagency.com\/wp-content\/uploads\/2024\/12\/logo-colores-nuevos.svg\",\"width\":177,\"height\":76,\"caption\":\"Avalon World Agency\"},\"image\":{\"@id\":\"https:\/\/avalonworldagency.com\/en\/#\/schema\/logo\/image\/\"}}]}<\/script>\n<!-- \/ Yoast SEO plugin. -->","yoast_head_json":{"title":"Noticias sobre marketing, publicidad e innovaciones","description":"Noticias sobre marketing, publicidad e innovaciones dentro del sector. Siempre en la vanguardia de las tendencias y soluciones digitales.","robots":{"index":"index","follow":"follow","max-snippet":"max-snippet:-1","max-image-preview":"max-image-preview:large","max-video-preview":"max-video-preview:-1"},"canonical":"https:\/\/avalonworldagency.com\/es_es\/noticias\/","og_locale":"es_ES","og_type":"article","og_title":"Noticias sobre marketing, publicidad e innovaciones","og_description":"Noticias sobre marketing, publicidad e innovaciones dentro del sector. Siempre en la vanguardia de las tendencias y soluciones digitales.","og_url":"https:\/\/avalonworldagency.com\/es_es\/noticias\/","og_site_name":"Agencia de Marketing y Publicidad Digital","article_modified_time":"2025-07-23T16:45:44+00:00","og_image":[{"url":"https:\/\/avalonworld.com.ar\/wp-content\/uploads\/2025\/05\/simbolos.png","type":"","width":"","height":""}],"schema":{"@context":"https:\/\/schema.org","@graph":[{"@type":"WebPage","@id":"https:\/\/avalonworldagency.com\/es_es\/noticias\/","url":"https:\/\/avalonworldagency.com\/es_es\/noticias\/","name":"Noticias sobre marketing, publicidad e innovaciones","isPartOf":{"@id":"https:\/\/avalonworldagency.com\/en\/#website"},"primaryImageOfPage":{"@id":"https:\/\/avalonworldagency.com\/es_es\/noticias\/#primaryimage"},"image":{"@id":"https:\/\/avalonworldagency.com\/es_es\/noticias\/#primaryimage"},"thumbnailUrl":"https:\/\/avalonworld.com.ar\/wp-content\/uploads\/2025\/05\/simbolos.png","datePublished":"2022-12-15T00:06:33+00:00","dateModified":"2025-07-23T16:45:44+00:00","description":"Noticias sobre marketing, publicidad e innovaciones dentro del sector. Siempre en la vanguardia de las tendencias y soluciones digitales.","breadcrumb":{"@id":"https:\/\/avalonworldagency.com\/es_es\/noticias\/#breadcrumb"},"inLanguage":"es","potentialAction":[{"@type":"ReadAction","target":["https:\/\/avalonworldagency.com\/es_es\/noticias\/"]}]},{"@type":"ImageObject","inLanguage":"es","@id":"https:\/\/avalonworldagency.com\/es_es\/noticias\/#primaryimage","url":"https:\/\/avalonworld.com.ar\/wp-content\/uploads\/2025\/05\/simbolos.png","contentUrl":"https:\/\/avalonworld.com.ar\/wp-content\/uploads\/2025\/05\/simbolos.png"},{"@type":"BreadcrumbList","@id":"https:\/\/avalonworldagency.com\/es_es\/noticias\/#breadcrumb","itemListElement":[{"@type":"ListItem","position":1,"name":"Portada","item":"https:\/\/avalonworldagency.com\/es_es\/"},{"@type":"ListItem","position":2,"name":"Noticias"}]},{"@type":"WebSite","@id":"https:\/\/avalonworldagency.com\/en\/#website","url":"https:\/\/avalonworldagency.com\/en\/","name":"Agencia de Marketing y Publicidad Digital Avalon World Agency","description":"Agencia de Marketing y Publicidad Digital Avalon World Agency. Somos una agencia boutique, creativa y moderna con alcance global.","publisher":{"@id":"https:\/\/avalonworldagency.com\/en\/#organization"},"alternateName":"Avalon World Agency","potentialAction":[{"@type":"SearchAction","target":{"@type":"EntryPoint","urlTemplate":"https:\/\/avalonworldagency.com\/en\/?s={search_term_string}"},"query-input":{"@type":"PropertyValueSpecification","valueRequired":true,"valueName":"search_term_string"}}],"inLanguage":"es"},{"@type":"Organization","@id":"https:\/\/avalonworldagency.com\/en\/#organization","name":"Avalon World Agency","alternateName":"Avalon Agency","url":"https:\/\/avalonworldagency.com\/en\/","logo":{"@type":"ImageObject","inLanguage":"es","@id":"https:\/\/avalonworldagency.com\/en\/#\/schema\/logo\/image\/","url":"https:\/\/avalonworldagency.com\/wp-content\/uploads\/2024\/12\/logo-colores-nuevos.svg","contentUrl":"https:\/\/avalonworldagency.com\/wp-content\/uploads\/2024\/12\/logo-colores-nuevos.svg","width":177,"height":76,"caption":"Avalon World Agency"},"image":{"@id":"https:\/\/avalonworldagency.com\/en\/#\/schema\/logo\/image\/"}}]}},"_links":{"self":[{"href":"https:\/\/avalonworldagency.com\/es_es\/wp-json\/wp\/v2\/pages\/31","targetHints":{"allow":["GET"]}}],"collection":[{"href":"https:\/\/avalonworldagency.com\/es_es\/wp-json\/wp\/v2\/pages"}],"about":[{"href":"https:\/\/avalonworldagency.com\/es_es\/wp-json\/wp\/v2\/types\/page"}],"author":[{"embeddable":true,"href":"https:\/\/avalonworldagency.com\/es_es\/wp-json\/wp\/v2\/users\/2"}],"replies":[{"embeddable":true,"href":"https:\/\/avalonworldagency.com\/es_es\/wp-json\/wp\/v2\/comments?post=31"}],"version-history":[{"count":0,"href":"https:\/\/avalonworldagency.com\/es_es\/wp-json\/wp\/v2\/pages\/31\/revisions"}],"wp:attachment":[{"href":"https:\/\/avalonworldagency.com\/es_es\/wp-json\/wp\/v2\/media?parent=31"}],"curies":[{"name":"wp","href":"https:\/\/api.w.org\/{rel}","templated":true}]}}